{"id":541,"date":"2020-11-06T11:52:43","date_gmt":"2020-11-06T10:52:43","guid":{"rendered":"http:\/\/www.isidata.de\/?page_id=541"},"modified":"2025-06-13T10:56:26","modified_gmt":"2025-06-13T08:56:26","slug":"schnittstellen","status":"publish","type":"page","link":"https:\/\/isidata.de\/?page_id=541","title":{"rendered":"Schnittstellen"},"content":{"rendered":"\t\t<div data-elementor-type=\"wp-page\" data-elementor-id=\"541\" class=\"elementor elementor-541\">\n\t\t\t\t\t\t<section class=\"elementor-section elementor-top-section elementor-element elementor-element-1f49992 elementor-section-boxed elementor-section-height-default elementor-section-height-default\" data-id=\"1f49992\" data-element_type=\"section\" data-e-type=\"section\">\n\t\t\t\t\t\t<div class=\"elementor-container elementor-column-gap-default\">\n\t\t\t\t\t<div class=\"elementor-column elementor-col-100 elementor-top-column elementor-element elementor-element-f6eda86\" data-id=\"f6eda86\" data-element_type=\"column\" data-e-type=\"column\">\n\t\t\t<div class=\"elementor-widget-wrap elementor-element-populated\">\n\t\t\t\t\t\t<div class=\"elementor-element elementor-element-47ca474 elementor-widget elementor-widget-text-editor\" data-id=\"47ca474\" data-element_type=\"widget\" data-e-type=\"widget\" data-widget_type=\"text-editor.default\">\n\t\t\t\t<div class=\"elementor-widget-container\">\n\t\t\t\t\t\t\t\t\t<p>Unser Fahr- und Dienstplanungssystem <strong><em>epon<\/em><\/strong> kommuniziert dank zahlreicher Schnittstellen problemlos mit den weiteren genutzten Programmen. Fahr- und Dienstdaten k\u00f6nnen so zum Beispiel an Leitsysteme oder Personaldispositionssysteme weitergegeben werden.<\/p>\t\t\t\t\t\t\t\t<\/div>\n\t\t\t\t<\/div>\n\t\t\t\t\t<\/div>\n\t\t<\/div>\n\t\t\t\t\t<\/div>\n\t\t<\/section>\n\t\t\t\t<section class=\"elementor-section elementor-top-section elementor-element elementor-element-985b04d elementor-section-boxed elementor-section-height-default elementor-section-height-default\" data-id=\"985b04d\" data-element_type=\"section\" data-e-type=\"section\">\n\t\t\t\t\t\t<div class=\"elementor-container elementor-column-gap-default\">\n\t\t\t\t\t<div class=\"elementor-column elementor-col-100 elementor-top-column elementor-element elementor-element-4a8c4ab\" data-id=\"4a8c4ab\" data-element_type=\"column\" data-e-type=\"column\">\n\t\t\t<div class=\"elementor-widget-wrap elementor-element-populated\">\n\t\t\t\t\t\t<div class=\"elementor-element elementor-element-5908dbc elementor-widget elementor-widget-html\" data-id=\"5908dbc\" data-element_type=\"widget\" data-e-type=\"widget\" data-widget_type=\"html.default\">\n\t\t\t\t<div class=\"elementor-widget-container\">\n\t\t\t\t\t<table style=\"color:black;\">\n    <colgroup>\n        <col width=\"100\">\n        <col height=\"45\">\n    <\/colgroup>\n    <tr>\n        <h2>\n        <td> Datenbank <\/td>\n        <td> <b><i>epon<\/i><\/b>-Daten werden im VDV-Datenformat in eine Oracle-Datenbank abgelegt. <\/td>\n    <\/tr>\n    <tr>\n        <td> Text<\/td>\n        <td> Alle <b><i>epon<\/i><\/b>-Daten k\u00f6nnen als Textdatei exportiert werden.<\/td>\n    <\/tr>\n    <tr>\n        <td> csv<\/td>\n        <td> Die Daten aller Formulare und Listen lassen sich auch als sogenannte CSV-Dateien ausgeben, die unmittelbar von vielen Standardprogrammen wie z.B. Excel weiterverarbeitet werden k\u00f6nnen.<\/td>\n    <\/tr>\n    <tr>\n        <td> PERDIS<\/td>\n        <td> \u00dcbertragung ma\u00dfgeschneiderter Datenextrakte an das Personaldispositionssystem PERDIS auf Basis des VDV-Datenmodells (mit oder ohne Dienstreihenfolgeinformationen). <\/td>\n    <\/tr>\n    <tr>\n        <td><b><i>vip<\/i><\/b><\/td>\n        <td> Weitergabe von Netz- und Fahrplandaten an das Verkehrsinformations- und Planungssystem <b><i>vip<\/i><\/b>.<\/td>\n    <\/tr>\n    <tr>\n        <td>BON<\/td>\n        <td>Kalendergesteuerte \u00dcbertragung der gesamten Planungsdaten an das BON-Leitsystem. Das Netz wird dabei einschlie\u00dflich aller Informationen \u00fcber Lichtsignalanlagen und Baken komplett abgebildet. Anschlussbeziehungen k\u00f6nnen sowohl in generalisierter Form (systematische Anschl\u00fcsse), als auch als konkrete Verkn\u00fcpfung jeweils zweier Fahrten (Einzelanschl\u00fcsse) zur Verf\u00fcgung gestellt werden. <\/td>\n    <\/tr>\n    <tr>\n        <td>INIT<\/td>\n        <td>Kalendergesteuerte \u00dcbertragung der gesamten Planungsdaten an das Leitsystem MOBILE der INIT AG. Das Netz wird komplett abgebildet. Die \u00dcbertragung von Anschlussinformationen ist ebenfalls m\u00f6glich. Hierzu geh\u00f6rt auch der Datentransfer f\u00fcr die Programme der Firma ALMEX.<\/td>\n    <\/tr>\n    <tr>\n        <td>LIO<\/td>\n        <td>Kalendergesteuerte \u00dcbertragung der gesamten Planungsdaten f\u00fcr ein oder mehrere Betriebstage an das LIO-Leitsystem von SIEMENS.<\/td>\n    <\/tr>\n    <tr>\n        <td>ATRIS<\/td>\n        <td>Netz- und Fahrplandaten inklusive detaillierter Beschilderungsinformationen f\u00fcr die ATRIS-Fahrscheindrucker der Firma ATRON.<\/td>\n    <\/tr>\n    <tr>\n        <td>HAFAS<\/td>\n        <td>\u00dcbergabe der kompletten Netz- und Fahrplandaten an das Fahrgastinformationssystem der Firma HACON. Dieselbe Schnittstelle ist auch f\u00fcr die Versorgung der INFOPOOL Datenbank der IVU AG geeignet.<\/td>\n    <\/tr>\n    <tr>\n        <td>DIVA<\/td>\n        <td>Ausgabe der Netz- und Fahrplandaten an das Auskunftssystem DIVA der Fa. Mentz Datenverarbeitung.<\/td>\n    <\/tr>\n    <tr>\n        <td>Saliplan<\/td>\n        <td>Ausgabe der Netz- und Fahrplandaten an das Saliplan-Fahrgastz\u00e4hlsystem der IVV\/Karlsruhe.<\/td>\n    <\/tr>\n    <tr>\n        <td>FIS<\/td>\n        <td>Fahrgast-Informations-System der Firma DEBIS.<\/td>\n    <\/tr>\n    <tr>\n        <td>ADT<\/td>\n        <td>Daten\u00fcbergabe f\u00fcr Adtranz-Fahrscheindrucker.<\/td>\n    <\/tr>\n    <tr>\n        <td>SAP<\/td>\n        <td>\u00dcbergabe von Planungsdaten, die mit der epon Statistik aggregiert worden sind, an das Modul Linienerfolgsrechnung des SAP-Systems.<\/td>\n    <\/tr>\n    <tr>\n        <td>VESTIS<\/td>\n        <td>Umlauf- und Basisdaten f\u00fcr Statistik-Programme.<\/td>\n    <\/tr>\n    <tr>\n        <td>Fada<\/td>\n        <td>Kalendergesteuerte \u00dcbergabe von Fahrt- und Umlaufdaten sowie Basisdaten f\u00fcr die Programme der Firma UVT.<\/td>\n    <\/tr>\n    <tr>\n        <td>TITAN<\/td>\n        <td>\u00dcbergabe der kompletten Netz- und Planungsdaten einschlie\u00dflich Kalender an eine TITAN Datenbank. Hierbei handelt es sich um eine Implementation des im Rahmen eines europ\u00e4ischen Forschungsvorhabens definierten TRANSMODEL Datenmodells.<\/td>\n    <\/tr>\n    <tr>\n        <td>PRO<\/td>\n        <td>Bisherige Anwender von PRO (Rev.10) k\u00f6nnen mit dieser Schnittstelle ihre bisher erfassten Netz-, Fahrt- und Umlaufdaten in <b><i>epon<\/i><\/b> importieren.<\/td>\n        <\/h2>\n    <\/tr>\n<\/table>\t\t\t\t<\/div>\n\t\t\t\t<\/div>\n\t\t\t\t\t<\/div>\n\t\t<\/div>\n\t\t\t\t\t<\/div>\n\t\t<\/section>\n\t\t\t\t<section class=\"elementor-section elementor-top-section elementor-element elementor-element-615e45c elementor-section-boxed elementor-section-height-default elementor-section-height-default\" data-id=\"615e45c\" data-element_type=\"section\" data-e-type=\"section\">\n\t\t\t\t\t\t<div class=\"elementor-container elementor-column-gap-default\">\n\t\t\t\t\t<div class=\"elementor-column elementor-col-100 elementor-top-column elementor-element elementor-element-c5c44ff\" data-id=\"c5c44ff\" data-element_type=\"column\" data-e-type=\"column\">\n\t\t\t<div class=\"elementor-widget-wrap elementor-element-populated\">\n\t\t\t\t\t\t<div class=\"elementor-element elementor-element-7c9fc23 elementor-widget elementor-widget-text-editor\" data-id=\"7c9fc23\" data-element_type=\"widget\" data-e-type=\"widget\" data-widget_type=\"text-editor.default\">\n\t\t\t\t<div class=\"elementor-widget-container\">\n\t\t\t\t\t\t\t\t\t<p>Die Rechte an allen oben genannten Programmsystemen (au\u00dfer <em><strong>epon<\/strong><\/em> und <em><strong>vip<\/strong><\/em>) liegen nicht bei ISIDATA, sondern bei den jeweiligen Herstellern.<\/p>\t\t\t\t\t\t\t\t<\/div>\n\t\t\t\t<\/div>\n\t\t\t\t\t<\/div>\n\t\t<\/div>\n\t\t\t\t\t<\/div>\n\t\t<\/section>\n\t\t\t\t<\/div>\n\t\t","protected":false},"excerpt":{"rendered":"<p>Unser Fahr- und Dienstplanungssystem epon kommuniziert dank zahlreicher Schnittstellen problemlos mit den weiteren genutzten Programmen. Fahr- und Dienstdaten k\u00f6nnen so zum Beispiel an Leitsysteme oder Personaldispositionssysteme weitergegeben werden. Datenbank epon-Daten werden im VDV-Datenformat in eine Oracle-Datenbank abgelegt. Text Alle epon-Daten k\u00f6nnen als Textdatei exportiert werden. csv Die Daten aller Formulare und Listen lassen sich auch [&hellip;]<\/p>\n","protected":false},"author":4,"featured_media":0,"parent":666,"menu_order":0,"comment_status":"closed","ping_status":"closed","template":"","meta":{"ocean_post_layout":"","ocean_both_sidebars_style":"","ocean_both_sidebars_content_width":0,"ocean_both_sidebars_sidebars_width":0,"ocean_sidebar":"0","ocean_second_sidebar":"0","ocean_disable_margins":"enable","ocean_add_body_class":"","ocean_shortcode_before_top_bar":"","ocean_shortcode_after_top_bar":"","ocean_shortcode_before_header":"","ocean_shortcode_after_header":"","ocean_has_shortcode":"","ocean_shortcode_after_title":"","ocean_shortcode_before_footer_widgets":"","ocean_shortcode_after_footer_widgets":"","ocean_shortcode_before_footer_bottom":"","ocean_shortcode_after_footer_bottom":"","ocean_display_top_bar":"default","ocean_display_header":"default","ocean_header_style":"","ocean_center_header_left_menu":"0","ocean_custom_header_template":"0","ocean_custom_logo":0,"ocean_custom_retina_logo":0,"ocean_custom_logo_max_width":0,"ocean_custom_logo_tablet_max_width":0,"ocean_custom_logo_mobile_max_width":0,"ocean_custom_logo_max_height":0,"ocean_custom_logo_tablet_max_height":0,"ocean_custom_logo_mobile_max_height":0,"ocean_header_custom_menu":"0","ocean_menu_typo_font_family":"0","ocean_menu_typo_font_subset":"","ocean_menu_typo_font_size":0,"ocean_menu_typo_font_size_tablet":0,"ocean_menu_typo_font_size_mobile":0,"ocean_menu_typo_font_size_unit":"px","ocean_menu_typo_font_weight":"","ocean_menu_typo_font_weight_tablet":"","ocean_menu_typo_font_weight_mobile":"","ocean_menu_typo_transform":"","ocean_menu_typo_transform_tablet":"","ocean_menu_typo_transform_mobile":"","ocean_menu_typo_line_height":0,"ocean_menu_typo_line_height_tablet":0,"ocean_menu_typo_line_height_mobile":0,"ocean_menu_typo_line_height_unit":"","ocean_menu_typo_spacing":0,"ocean_menu_typo_spacing_tablet":0,"ocean_menu_typo_spacing_mobile":0,"ocean_menu_typo_spacing_unit":"","ocean_menu_link_color":"","ocean_menu_link_color_hover":"","ocean_menu_link_color_active":"","ocean_menu_link_background":"","ocean_menu_link_hover_background":"","ocean_menu_link_active_background":"","ocean_menu_social_links_bg":"","ocean_menu_social_hover_links_bg":"","ocean_menu_social_links_color":"","ocean_menu_social_hover_links_color":"","ocean_disable_title":"default","ocean_disable_heading":"default","ocean_post_title":"","ocean_post_subheading":"","ocean_post_title_style":"","ocean_post_title_background_color":"","ocean_post_title_background":0,"ocean_post_title_bg_image_position":"","ocean_post_title_bg_image_attachment":"","ocean_post_title_bg_image_repeat":"","ocean_post_title_bg_image_size":"","ocean_post_title_height":0,"ocean_post_title_bg_overlay":0.5,"ocean_post_title_bg_overlay_color":"","ocean_disable_breadcrumbs":"default","ocean_breadcrumbs_color":"","ocean_breadcrumbs_separator_color":"","ocean_breadcrumbs_links_color":"","ocean_breadcrumbs_links_hover_color":"","ocean_display_footer_widgets":"default","ocean_display_footer_bottom":"default","ocean_custom_footer_template":"0","footnotes":""},"class_list":["post-541","page","type-page","status-publish","hentry","entry"],"_links":{"self":[{"href":"https:\/\/isidata.de\/index.php?rest_route=\/wp\/v2\/pages\/541","targetHints":{"allow":["GET"]}}],"collection":[{"href":"https:\/\/isidata.de\/index.php?rest_route=\/wp\/v2\/pages"}],"about":[{"href":"https:\/\/isidata.de\/index.php?rest_route=\/wp\/v2\/types\/page"}],"author":[{"embeddable":true,"href":"https:\/\/isidata.de\/index.php?rest_route=\/wp\/v2\/users\/4"}],"replies":[{"embeddable":true,"href":"https:\/\/isidata.de\/index.php?rest_route=%2Fwp%2Fv2%2Fcomments&post=541"}],"version-history":[{"count":22,"href":"https:\/\/isidata.de\/index.php?rest_route=\/wp\/v2\/pages\/541\/revisions"}],"predecessor-version":[{"id":1513,"href":"https:\/\/isidata.de\/index.php?rest_route=\/wp\/v2\/pages\/541\/revisions\/1513"}],"up":[{"embeddable":true,"href":"https:\/\/isidata.de\/index.php?rest_route=\/wp\/v2\/pages\/666"}],"wp:attachment":[{"href":"https:\/\/isidata.de\/index.php?rest_route=%2Fwp%2Fv2%2Fmedia&parent=541"}],"curies":[{"name":"wp","href":"https:\/\/api.w.org\/{rel}","templated":true}]}}