{"id":223,"date":"2020-10-29T12:09:18","date_gmt":"2020-10-29T11:09:18","guid":{"rendered":"http:\/\/www.isidata.de\/?page_id=223"},"modified":"2021-09-22T15:07:28","modified_gmt":"2021-09-22T13:07:28","slug":"alea","status":"publish","type":"page","link":"https:\/\/isidata.de\/?page_id=223","title":{"rendered":"<b><i>alea<\/i><\/b>"},"content":{"rendered":"\t\t<div data-elementor-type=\"wp-page\" data-elementor-id=\"223\" class=\"elementor elementor-223\">\n\t\t\t\t\t\t<section class=\"elementor-section elementor-top-section elementor-element elementor-element-a758877 elementor-section-boxed elementor-section-height-default elementor-section-height-default\" data-id=\"a758877\" data-element_type=\"section\" data-e-type=\"section\">\n\t\t\t\t\t\t<div class=\"elementor-container elementor-column-gap-default\">\n\t\t\t\t\t<div class=\"elementor-column elementor-col-100 elementor-top-column elementor-element elementor-element-63fcb66\" data-id=\"63fcb66\" data-element_type=\"column\" data-e-type=\"column\">\n\t\t\t<div class=\"elementor-widget-wrap elementor-element-populated\">\n\t\t\t\t\t\t<div class=\"elementor-element elementor-element-fe86e41 elementor-widget elementor-widget-text-editor\" data-id=\"fe86e41\" data-element_type=\"widget\" data-e-type=\"widget\" data-widget_type=\"text-editor.default\">\n\t\t\t\t<div class=\"elementor-widget-container\">\n\t\t\t\t\t\t\t\t\t<p>Sie m\u00f6chten Statistiken, Kennwerte oder P\u00fcnktlichkeiten Ihrer Fahrplandaten schnell und \u00fcbersichtlich im Browser darstellen?<br \/><i><b>alea<\/b><\/i> ist die L\u00f6sung.<br \/>Alle relevanten Fahrplandaten werden tageweise in einer Datenbank abgelegt. \u00dcber die Browseroberfl\u00e4che stehen die Daten unternehmensweit und je nach Konfiguration f\u00fcr Tablett oder Smartphone zur Darstellung zur Verf\u00fcgung.<br \/>Verschiedene Daten werden zusammengef\u00fchrt und erm\u00f6glichen komplexe Auswertungen. Sind die Versp\u00e4tungen der letzten Wochen an bestimmten Haltepunkten auf \u00fcberdurchschnittlich viele Einsteiger zur\u00fcckzuf\u00fchren?<\/p><p><em><strong>alea <\/strong><\/em>ist modular aufgebaut. Je nach Benutzer k\u00f6nnen verschiedene Ansichten und Auswertungen verwendet werden.<\/p><ul><li>\u00dcbersichtliche <strong>Kursauskunft<\/strong><\/li><li>Welcher Dienst ist wann auf welchem Umlauf: <strong>Umlauf-Dienst-Belegung<\/strong><\/li><li>Statistiken auf Klick f\u00fcr die <strong>Controlling<\/strong>-Abteilung<\/li><li>Einfacher Export von Statistiken Richtung <strong>Tabellenkalkulationprogramme<\/strong><\/li><li><strong>Prognose<\/strong> von Linienleistungen<\/li><li><strong>Unternehmerauswertung<\/strong> mit Vergabepaketen inkl. Preisanpassungen<\/li><li><strong>Mehr-\/Minderleistungen<\/strong> erfassen und auswerten<\/li><li>Import von Istdaten &#8211; <strong>Soll-Ist-Vergleich<\/strong><\/li><li>Integration <strong>betrieblicher<\/strong> <strong>Daten <\/strong>wie Istdaten, Tankdaten, Ausfahrdaten<\/li><li>Verwaltung von Fahrzeugreparaturdaten im <strong>Werkstatt<\/strong>modul<\/li><li>Erfassung der <strong>Spuren<\/strong> je Kurs f\u00fcr die Disposition auf den Betriebsh\u00f6fen<\/li><li>Verwaltung von Kundenanfragen &#8211; <strong>Beschwerdemanagement<\/strong><\/li><li><strong>und vieles mehr&#8230;<\/strong><\/li><\/ul>\t\t\t\t\t\t\t\t<\/div>\n\t\t\t\t<\/div>\n\t\t\t\t\t<\/div>\n\t\t<\/div>\n\t\t\t\t\t<\/div>\n\t\t<\/section>\n\t\t\t\t<section class=\"elementor-section elementor-top-section elementor-element elementor-element-2771f46 elementor-section-boxed elementor-section-height-default elementor-section-height-default\" data-id=\"2771f46\" data-element_type=\"section\" data-e-type=\"section\">\n\t\t\t\t\t\t<div class=\"elementor-container elementor-column-gap-default\">\n\t\t\t\t\t<div class=\"elementor-column elementor-col-100 elementor-top-column elementor-element elementor-element-948afee\" data-id=\"948afee\" data-element_type=\"column\" data-e-type=\"column\">\n\t\t\t<div class=\"elementor-widget-wrap elementor-element-populated\">\n\t\t\t\t\t\t<div class=\"elementor-element elementor-element-5d5a8cb elementor-widget elementor-widget-text-editor\" data-id=\"5d5a8cb\" data-element_type=\"widget\" data-e-type=\"widget\" data-widget_type=\"text-editor.default\">\n\t\t\t\t<div class=\"elementor-widget-container\">\n\t\t\t\t\t\t\t\t\t<p>F\u00fcr weitere Informationen:<a href=\"\/?download=729\"> <i><b>alea<\/b><\/i>-Brosch\u00fcre downloaden&#8230;<\/a><\/p>\t\t\t\t\t\t\t\t<\/div>\n\t\t\t\t<\/div>\n\t\t\t\t\t<\/div>\n\t\t<\/div>\n\t\t\t\t\t<\/div>\n\t\t<\/section>\n\t\t\t\t<section class=\"elementor-section elementor-top-section elementor-element elementor-element-4bff36b elementor-section-boxed elementor-section-height-default elementor-section-height-default\" data-id=\"4bff36b\" data-element_type=\"section\" data-e-type=\"section\">\n\t\t\t\t\t\t<div class=\"elementor-container elementor-column-gap-default\">\n\t\t\t\t\t<div class=\"elementor-column elementor-col-100 elementor-top-column elementor-element elementor-element-8fef2e9\" data-id=\"8fef2e9\" data-element_type=\"column\" data-e-type=\"column\">\n\t\t\t<div class=\"elementor-widget-wrap elementor-element-populated\">\n\t\t\t\t\t\t<div class=\"elementor-element elementor-element-e3ab9f0 elementor-arrows-position-inside elementor-pagination-position-outside elementor-widget elementor-widget-image-carousel\" data-id=\"e3ab9f0\" data-element_type=\"widget\" data-e-type=\"widget\" data-settings=\"{&quot;slides_to_show&quot;:&quot;4&quot;,&quot;navigation&quot;:&quot;both&quot;,&quot;autoplay&quot;:&quot;yes&quot;,&quot;pause_on_hover&quot;:&quot;yes&quot;,&quot;pause_on_interaction&quot;:&quot;yes&quot;,&quot;autoplay_speed&quot;:5000,&quot;infinite&quot;:&quot;yes&quot;,&quot;speed&quot;:500,&quot;image_spacing_custom&quot;:{&quot;unit&quot;:&quot;px&quot;,&quot;size&quot;:20,&quot;sizes&quot;:[]},&quot;image_spacing_custom_tablet&quot;:{&quot;unit&quot;:&quot;px&quot;,&quot;size&quot;:&quot;&quot;,&quot;sizes&quot;:[]},&quot;image_spacing_custom_mobile&quot;:{&quot;unit&quot;:&quot;px&quot;,&quot;size&quot;:&quot;&quot;,&quot;sizes&quot;:[]}}\" data-widget_type=\"image-carousel.default\">\n\t\t\t\t<div class=\"elementor-widget-container\">\n\t\t\t\t\t\t\t<div class=\"elementor-image-carousel-wrapper swiper\" role=\"region\" aria-roledescription=\"carousel\" aria-label=\"Bild Karussell\" dir=\"ltr\">\n\t\t\t<div class=\"elementor-image-carousel swiper-wrapper\" aria-live=\"off\">\n\t\t\t\t\t\t\t\t<div class=\"swiper-slide\" role=\"group\" aria-roledescription=\"slide\" aria-label=\"1 von 5\"><figure class=\"swiper-slide-inner\"><img decoding=\"async\" class=\"swiper-slide-image\" src=\"https:\/\/www.isidata.de\/wp-content\/uploads\/2020\/11\/pexels-lukas-669610-1024x678.jpg\" alt=\"pexels-lukas-669610\" \/><\/figure><\/div><div class=\"swiper-slide\" role=\"group\" aria-roledescription=\"slide\" aria-label=\"2 von 5\"><figure class=\"swiper-slide-inner\"><img decoding=\"async\" class=\"swiper-slide-image\" src=\"https:\/\/www.isidata.de\/wp-content\/uploads\/2020\/11\/Haltestellenbelastung_Ganglinie_2_gross-1024x731.jpg\" alt=\"Haltestellenbelastung_Ganglinie_2_gro\u00df\" \/><\/figure><\/div><div class=\"swiper-slide\" role=\"group\" aria-roledescription=\"slide\" aria-label=\"3 von 5\"><figure class=\"swiper-slide-inner\"><img decoding=\"async\" class=\"swiper-slide-image\" src=\"https:\/\/www.isidata.de\/wp-content\/uploads\/2020\/11\/pexels-pixabay-265087-1024x683.jpg\" alt=\"pexels-pixabay-265087\" \/><\/figure><\/div><div class=\"swiper-slide\" role=\"group\" aria-roledescription=\"slide\" aria-label=\"4 von 5\"><figure class=\"swiper-slide-inner\"><img decoding=\"async\" class=\"swiper-slide-image\" src=\"https:\/\/www.isidata.de\/wp-content\/uploads\/2020\/11\/Fahrzeugqualitaet-2-1024x683.png\" alt=\"Fahrzeugqualit\u00e4t\" \/><\/figure><\/div><div class=\"swiper-slide\" role=\"group\" aria-roledescription=\"slide\" aria-label=\"5 von 5\"><figure class=\"swiper-slide-inner\"><img decoding=\"async\" class=\"swiper-slide-image\" src=\"https:\/\/www.isidata.de\/wp-content\/uploads\/2020\/11\/prueffunktion_Fahrzeug-1024x683.png\" alt=\"pr\u00fcffunktion_Fahrzeug\" \/><\/figure><\/div>\t\t\t<\/div>\n\t\t\t\t\t\t\t\t\t\t\t\t<div class=\"elementor-swiper-button elementor-swiper-button-prev\" role=\"button\" tabindex=\"0\">\n\t\t\t\t\t\t<i aria-hidden=\"true\" class=\"eicon-chevron-left\"><\/i>\t\t\t\t\t<\/div>\n\t\t\t\t\t<div class=\"elementor-swiper-button elementor-swiper-button-next\" role=\"button\" tabindex=\"0\">\n\t\t\t\t\t\t<i aria-hidden=\"true\" class=\"eicon-chevron-right\"><\/i>\t\t\t\t\t<\/div>\n\t\t\t\t\n\t\t\t\t\t\t\t\t\t<div class=\"swiper-pagination\"><\/div>\n\t\t\t\t\t\t\t\t\t<\/div>\n\t\t\t\t\t\t<\/div>\n\t\t\t\t<\/div>\n\t\t\t\t\t<\/div>\n\t\t<\/div>\n\t\t\t\t\t<\/div>\n\t\t<\/section>\n\t\t\t\t<\/div>\n\t\t","protected":false},"excerpt":{"rendered":"<p>Sie m\u00f6chten Statistiken, Kennwerte oder P\u00fcnktlichkeiten Ihrer Fahrplandaten schnell und \u00fcbersichtlich im Browser darstellen?alea ist die L\u00f6sung.Alle relevanten Fahrplandaten werden tageweise in einer Datenbank abgelegt. \u00dcber die Browseroberfl\u00e4che stehen die Daten unternehmensweit und je nach Konfiguration f\u00fcr Tablett oder Smartphone zur Darstellung zur Verf\u00fcgung.Verschiedene Daten werden zusammengef\u00fchrt und erm\u00f6glichen komplexe Auswertungen. Sind die Versp\u00e4tungen der [&hellip;]<\/p>\n","protected":false},"author":4,"featured_media":0,"parent":0,"menu_order":0,"comment_status":"closed","ping_status":"closed","template":"","meta":{"ocean_post_layout":"","ocean_both_sidebars_style":"","ocean_both_sidebars_content_width":0,"ocean_both_sidebars_sidebars_width":0,"ocean_sidebar":"","ocean_second_sidebar":"","ocean_disable_margins":"enable","ocean_add_body_class":"","ocean_shortcode_before_top_bar":"","ocean_shortcode_after_top_bar":"","ocean_shortcode_before_header":"","ocean_shortcode_after_header":"","ocean_has_shortcode":"","ocean_shortcode_after_title":"","ocean_shortcode_before_footer_widgets":"","ocean_shortcode_after_footer_widgets":"","ocean_shortcode_before_footer_bottom":"","ocean_shortcode_after_footer_bottom":"","ocean_display_top_bar":"default","ocean_display_header":"default","ocean_header_style":"","ocean_center_header_left_menu":"","ocean_custom_header_template":"","ocean_custom_logo":0,"ocean_custom_retina_logo":0,"ocean_custom_logo_max_width":0,"ocean_custom_logo_tablet_max_width":0,"ocean_custom_logo_mobile_max_width":0,"ocean_custom_logo_max_height":0,"ocean_custom_logo_tablet_max_height":0,"ocean_custom_logo_mobile_max_height":0,"ocean_header_custom_menu":"","ocean_menu_typo_font_family":"","ocean_menu_typo_font_subset":"","ocean_menu_typo_font_size":0,"ocean_menu_typo_font_size_tablet":0,"ocean_menu_typo_font_size_mobile":0,"ocean_menu_typo_font_size_unit":"px","ocean_menu_typo_font_weight":"","ocean_menu_typo_font_weight_tablet":"","ocean_menu_typo_font_weight_mobile":"","ocean_menu_typo_transform":"","ocean_menu_typo_transform_tablet":"","ocean_menu_typo_transform_mobile":"","ocean_menu_typo_line_height":0,"ocean_menu_typo_line_height_tablet":0,"ocean_menu_typo_line_height_mobile":0,"ocean_menu_typo_line_height_unit":"","ocean_menu_typo_spacing":0,"ocean_menu_typo_spacing_tablet":0,"ocean_menu_typo_spacing_mobile":0,"ocean_menu_typo_spacing_unit":"","ocean_menu_link_color":"","ocean_menu_link_color_hover":"","ocean_menu_link_color_active":"","ocean_menu_link_background":"","ocean_menu_link_hover_background":"","ocean_menu_link_active_background":"","ocean_menu_social_links_bg":"","ocean_menu_social_hover_links_bg":"","ocean_menu_social_links_color":"","ocean_menu_social_hover_links_color":"","ocean_disable_title":"default","ocean_disable_heading":"default","ocean_post_title":"","ocean_post_subheading":"","ocean_post_title_style":"","ocean_post_title_background_color":"","ocean_post_title_background":0,"ocean_post_title_bg_image_position":"","ocean_post_title_bg_image_attachment":"","ocean_post_title_bg_image_repeat":"","ocean_post_title_bg_image_size":"","ocean_post_title_height":0,"ocean_post_title_bg_overlay":0.5,"ocean_post_title_bg_overlay_color":"","ocean_disable_breadcrumbs":"default","ocean_breadcrumbs_color":"","ocean_breadcrumbs_separator_color":"","ocean_breadcrumbs_links_color":"","ocean_breadcrumbs_links_hover_color":"","ocean_display_footer_widgets":"default","ocean_display_footer_bottom":"default","ocean_custom_footer_template":"","footnotes":""},"class_list":["post-223","page","type-page","status-publish","hentry","entry"],"_links":{"self":[{"href":"https:\/\/isidata.de\/index.php?rest_route=\/wp\/v2\/pages\/223","targetHints":{"allow":["GET"]}}],"collection":[{"href":"https:\/\/isidata.de\/index.php?rest_route=\/wp\/v2\/pages"}],"about":[{"href":"https:\/\/isidata.de\/index.php?rest_route=\/wp\/v2\/types\/page"}],"author":[{"embeddable":true,"href":"https:\/\/isidata.de\/index.php?rest_route=\/wp\/v2\/users\/4"}],"replies":[{"embeddable":true,"href":"https:\/\/isidata.de\/index.php?rest_route=%2Fwp%2Fv2%2Fcomments&post=223"}],"version-history":[{"count":77,"href":"https:\/\/isidata.de\/index.php?rest_route=\/wp\/v2\/pages\/223\/revisions"}],"predecessor-version":[{"id":1332,"href":"https:\/\/isidata.de\/index.php?rest_route=\/wp\/v2\/pages\/223\/revisions\/1332"}],"wp:attachment":[{"href":"https:\/\/isidata.de\/index.php?rest_route=%2Fwp%2Fv2%2Fmedia&parent=223"}],"curies":[{"name":"wp","href":"https:\/\/api.w.org\/{rel}","templated":true}]}}